{"id":3696,"date":"2025-05-30T14:42:09","date_gmt":"2025-05-30T14:42:09","guid":{"rendered":"https:\/\/df8d4c9fcb5789839.temporary.link\/support\/software-subscriptions\/rendimiento-trueprop\/"},"modified":"2026-01-13T21:05:48","modified_gmt":"2026-01-13T21:05:48","slug":"rendimiento-trueprop","status":"publish","type":"product","link":"https:\/\/truepropsoftware.com\/es\/producto\/rendimiento-trueprop\/","title":{"rendered":"Rendimiento TrueProp"},"content":{"rendered":"<ul>\n<li>Asistencia por correo electr\u00f3nico<\/li>\n<li>Preguntas frecuentes sobre el sitio web<\/li>\n<li>Consejos para gestionar un problema<\/li>\n<li>Acceso al Archivo de Ayuda<\/li>\n<li>Acceso a la biblioteca de tutoriales<\/li>\n<li>Asistencia prioritaria por correo electr\u00f3nico<\/li>\n<li>Asistencia telef\u00f3nica\/mensajer\u00eda prioritaria<\/li>\n<li>Conexi\u00f3n personalizada<\/li>\n<li>Videoteca<\/li>\n<li>Piezas de recambio<\/li>\n<li>Acceso anticipado a nuevas funciones<\/li>\n<li>Sesiones de acceso remoto al escritorio<\/li>\n<\/ul>\n","protected":false},"excerpt":{"rendered":"<p>Adecuado para quienes desean disponer f\u00e1cilmente de asesoramiento experto sobre productos y asistencia t\u00e9cnica. Necesitas un equipo de apoyo que est\u00e9 ansioso por mantenerte en funcionamiento y hacer crecer tu negocio.<\/p>\n","protected":false},"featured_media":409,"template":"","meta":{"_acf_changed":false},"product_brand":[],"product_cat":[68],"product_tag":[],"class_list":{"0":"post-3696","1":"product","2":"type-product","3":"status-publish","4":"has-post-thumbnail","6":"product_cat-suscripciones-de-software","8":"first","9":"instock","10":"virtual","11":"purchasable","12":"product-type-simple"},"acf":[],"_links":{"self":[{"href":"https:\/\/truepropsoftware.com\/es\/wp-json\/wp\/v2\/product\/3696","targetHints":{"allow":["GET"]}}],"collection":[{"href":"https:\/\/truepropsoftware.com\/es\/wp-json\/wp\/v2\/product"}],"about":[{"href":"https:\/\/truepropsoftware.com\/es\/wp-json\/wp\/v2\/types\/product"}],"wp:featuredmedia":[{"embeddable":true,"href":"https:\/\/truepropsoftware.com\/es\/wp-json\/wp\/v2\/media\/409"}],"wp:attachment":[{"href":"https:\/\/truepropsoftware.com\/es\/wp-json\/wp\/v2\/media?parent=3696"}],"wp:term":[{"taxonomy":"product_brand","embeddable":true,"href":"https:\/\/truepropsoftware.com\/es\/wp-json\/wp\/v2\/product_brand?post=3696"},{"taxonomy":"product_cat","embeddable":true,"href":"https:\/\/truepropsoftware.com\/es\/wp-json\/wp\/v2\/product_cat?post=3696"},{"taxonomy":"product_tag","embeddable":true,"href":"https:\/\/truepropsoftware.com\/es\/wp-json\/wp\/v2\/product_tag?post=3696"}],"curies":[{"name":"wp","href":"https:\/\/api.w.org\/{rel}","templated":true}]}}